{"id":1106,"date":"2024-07-25T18:41:56","date_gmt":"2024-07-25T16:41:56","guid":{"rendered":"https:\/\/laceibatireshopusa.com\/?page_id=1106"},"modified":"2024-12-05T09:33:45","modified_gmt":"2024-12-05T08:33:45","slug":"rines","status":"publish","type":"page","link":"https:\/\/laceibatireshopusa.com\/en\/rines\/","title":{"rendered":"Rines"},"content":{"rendered":"<div data-elementor-type=\"wp-page\" data-elementor-id=\"1106\" class=\"elementor elementor-1106\" data-elementor-post-type=\"page\">\n\t\t\t\t<div class=\"elementor-element elementor-element-0c18d08 elementor-hidden-desktop elementor-hidden-tablet elementor-hidden-mobile e-flex e-con-boxed wpr-particle-no wpr-jarallax-no wpr-parallax-no wpr-sticky-section-no e-con e-parent\" data-id=\"0c18d08\" data-element_type=\"container\" data-settings=\"{&quot;background_background&quot;:&quot;classic&quot;}\">\n\t\t\t\t\t<div class=\"e-con-inner\">\n\t\t<div class=\"elementor-element elementor-element-3cf45f5 e-con-full e-flex wpr-particle-no wpr-jarallax-no wpr-parallax-no wpr-sticky-section-no e-con e-child\" data-id=\"3cf45f5\" data-element_type=\"container\">\n\t\t\t\t<div class=\"elementor-element elementor-element-6d1910b elementor-widget elementor-widget-heading\" data-id=\"6d1910b\" data-element_type=\"widget\" data-widget_type=\"heading.default\">\n\t\t\t\t<div class=\"elementor-widget-container\">\n\t\t\t\t\t<h2 class=\"elementor-heading-title elementor-size-default\">Encuentra el Producto Ideal para tu Veh\u00edculo\n\n<\/h2>\t\t\t\t<\/div>\n\t\t\t\t<\/div>\n\t\t\t\t<div class=\"elementor-element elementor-element-a1121fe elementor-widget elementor-widget-heading\" data-id=\"a1121fe\" data-element_type=\"widget\" data-widget_type=\"heading.default\">\n\t\t\t\t<div class=\"elementor-widget-container\">\n\t\t\t\t\t<h2 class=\"elementor-heading-title elementor-size-default\">Navega en nuestra gama de PRODUCTOS.<\/h2>\t\t\t\t<\/div>\n\t\t\t\t<\/div>\n\t\t\t\t<div class=\"elementor-element elementor-element-88f3c88 elementor-widget elementor-widget-text-editor\" data-id=\"88f3c88\" data-element_type=\"widget\" data-widget_type=\"text-editor.default\">\n\t\t\t\t<div class=\"elementor-widget-container\">\n\t\t\t\t\t\t\t\t\t<p>\u00a1Encuentra el PRODUCTO perfecto para tu auto en La Ceiba Tire Shop \ud83c\uddfa\ud83c\uddf8!<\/p>\t\t\t\t\t\t\t\t<\/div>\n\t\t\t\t<\/div>\n\t\t\t\t<\/div>\n\t\t\t\t\t<\/div>\n\t\t\t\t<\/div>\n\t\t<div class=\"elementor-element elementor-element-9829cea e-flex e-con-boxed wpr-particle-no wpr-jarallax-no wpr-parallax-no wpr-sticky-section-no e-con e-parent\" data-id=\"9829cea\" data-element_type=\"container\">\n\t\t\t\t\t<div class=\"e-con-inner\">\n\t\t\t\t<div class=\"elementor-element elementor-element-d9bbdfb elementor-widget elementor-widget-html\" data-id=\"d9bbdfb\" data-element_type=\"widget\" data-widget_type=\"html.default\">\n\t\t\t\t<div class=\"elementor-widget-container\">\n\t\t\t\t\t<link href=\"https:\/\/cdn.jsdelivr.net\/npm\/select2@4.1.0-rc.0\/dist\/css\/select2.min.css\" rel=\"stylesheet\" \/>\r\n<script src=\"https:\/\/cdn.jsdelivr.net\/npm\/select2@4.1.0-rc.0\/dist\/js\/select2.min.js\" defer><\/script>\r\n\r\n<script>\r\n  ;(w => {\r\n      w.addEventListener('DOMContentLoaded', ()=>{\r\n          const $ = jQuery;\r\n          const selector = 'select';\r\n          \r\n          $(selector).each(function() {\r\n              $(this).select2();\r\n          });\r\n      });\r\n  })(window);\r\n<\/script>\t\t\t\t<\/div>\n\t\t\t\t<\/div>\n\t\t\t\t\t<\/div>\n\t\t\t\t<\/div>\n\t\t<div class=\"elementor-element elementor-element-2a9660e e-flex e-con-boxed wpr-particle-no wpr-jarallax-no wpr-parallax-no wpr-sticky-section-no e-con e-parent\" data-id=\"2a9660e\" data-element_type=\"container\">\n\t\t\t\t\t<div class=\"e-con-inner\">\n\t\t\t\t<div class=\"elementor-element elementor-element-1dcdb40 elementor-invisible elementor-widget elementor-widget-heading\" data-id=\"1dcdb40\" data-element_type=\"widget\" data-settings=\"{&quot;_animation&quot;:&quot;fadeInUp&quot;}\" data-widget_type=\"heading.default\">\n\t\t\t\t<div class=\"elementor-widget-container\">\n\t\t\t\t\t<h1 class=\"elementor-heading-title elementor-size-default\">Navega en nuestro Inventario de rines<\/h1>\t\t\t\t<\/div>\n\t\t\t\t<\/div>\n\t\t\t\t<div class=\"elementor-element elementor-element-ddfbd9d elementor-widget-divider--view-line elementor-widget elementor-widget-divider\" data-id=\"ddfbd9d\" data-element_type=\"widget\" data-widget_type=\"divider.default\">\n\t\t\t\t<div class=\"elementor-widget-container\">\n\t\t\t\t\t\t\t<div class=\"elementor-divider\">\n\t\t\t<span class=\"elementor-divider-separator\">\n\t\t\t\t\t\t<\/span>\n\t\t<\/div>\n\t\t\t\t\t\t<\/div>\n\t\t\t\t<\/div>\n\t\t<div class=\"elementor-element elementor-element-d6e816f e-con-full e-flex wpr-particle-no wpr-jarallax-no wpr-parallax-no wpr-sticky-section-no e-con e-child\" data-id=\"d6e816f\" data-element_type=\"container\">\n\t\t<div class=\"elementor-element elementor-element-f439810 e-con-full e-flex wpr-particle-no wpr-jarallax-no wpr-parallax-no wpr-sticky-section-no e-con e-child\" data-id=\"f439810\" data-element_type=\"container\">\n\t\t\t\t<div class=\"elementor-element elementor-element-58ca0ef elementor-widget elementor-widget-html\" data-id=\"58ca0ef\" data-element_type=\"widget\" data-widget_type=\"html.default\">\n\t\t\t\t<div class=\"elementor-widget-container\">\n\t\t\t\t\t<link href=\"https:\/\/cdn.jsdelivr.net\/npm\/select2@4.1.0-rc.0\/dist\/css\/select2.min.css\" rel=\"stylesheet\" \/>\r\n<script src=\"https:\/\/cdn.jsdelivr.net\/npm\/select2@4.1.0-rc.0\/dist\/js\/select2.min.js\" defer><\/script>\r\n\r\n<script>\r\n  ;(w => {\r\n      w.addEventListener('DOMContentLoaded', ()=>{\r\n          const $ = jQuery;\r\n          const selector = 'select';\r\n          \r\n          $(selector).each(function() {\r\n              $(this).select2();\r\n          });\r\n      });\r\n  })(window);\r\n<\/script>\r\n<div class=\"btn-group\">\r\n    <div class=\"form-group\">\r\n        <label>Manzana<\/label>\r\n        <select id=\"boltpatternSelect\">\r\n            <option value=\"\">Seleccione una opci\u00f3n<\/option>\r\n            <!-- Opciones adicionales aqu\u00ed -->\r\n        <\/select>\r\n    <\/div>\r\n    <div class=\"form-group\">\r\n        <label>Marca<\/label>\r\n        <select id=\"brandSelect\">\r\n            <option value=\"\">Seleccione una opci\u00f3n<\/option>\r\n            <!-- Opciones adicionales aqu\u00ed -->\r\n        <\/select>\r\n    <\/div>\r\n    <div class=\"form-group\">\r\n        <label>Color<\/label>\r\n        <select id=\"colorSelect\">\r\n            <option value=\"\">Seleccione una opci\u00f3n<\/option>\r\n            <!-- Opciones adicionales aqu\u00ed -->\r\n        <\/select>\r\n    <\/div>\r\n    <div class=\"form-group\">\r\n        <label>Rin<\/label>\r\n        <select id=\"sizeSelect\">\r\n            <option value=\"\">Seleccione una opci\u00f3n<\/option>\r\n            <!-- Opciones adicionales aqu\u00ed -->\r\n        <\/select>\r\n    <\/div>\r\n    <div class=\"form-group\">\r\n        <label>Offset Rin<\/label>\r\n        <select id=\"offsetSelect\">\r\n            <option value=\"\">Seleccione una opci\u00f3n<\/option>\r\n            <!-- Opciones adicionales aqu\u00ed -->\r\n        <\/select>\r\n    <\/div>\r\n    <div class=\"form-group\">\r\n        <label>Orificio Central<\/label>\r\n        <select id=\"centerBoreSelect\">\r\n            <option value=\"\">Seleccione una opci\u00f3n<\/option>\r\n            <!-- Opciones adicionales aqu\u00ed -->\r\n        <\/select>\r\n    <\/div>\r\n    <div class=\"contClearFilter\">\r\n        <button id=\"clear\" title=\"Limpiar Selecci\u00f3n.\">\r\n            <img decoding=\"async\" src=\"https:\/\/laceibatireshopusa.com\/wp-content\/uploads\/2024\/08\/clear.png\" alt=\"Clear\" \/>\r\n        <\/button>\r\n    <\/div>\r\n    <div class=\"contClearFilter\">\r\n        <button id=\"copyUrlR\" title=\"Copiar Selecci\u00f3n al Portapapeles.\">\r\n            <img decoding=\"async\" src=\"https:\/\/laceibatireshopusa.com\/wp-content\/uploads\/2024\/08\/copyIcon.png\" alt=\"Copy\" \/>\r\n        <\/button>\r\n    <\/div>\r\n    <div id=\"shareWhatsapp\" class=\"contClearFilter\" title=\"Compartir Selecci\u00f3n por WhatsApp.\">\r\n        <img decoding=\"async\" src=\"https:\/\/laceibatireshopusa.com\/wp-content\/uploads\/2024\/08\/whatsapp.png\" alt=\"Compartir por WhatsApp\" title=\"Compartir por whatsapp\"\/>\r\n    <\/div>\r\n<\/div>\r\n\t\t\t\t<\/div>\n\t\t\t\t<\/div>\n\t\t\t\t<\/div>\n\t\t<div class=\"elementor-element elementor-element-274cf31 e-con-full e-flex wpr-particle-no wpr-jarallax-no wpr-parallax-no wpr-sticky-section-no e-con e-child\" data-id=\"274cf31\" data-element_type=\"container\">\n\t\t\t\t<div class=\"elementor-element elementor-element-0aec34e elementor-widget elementor-widget-html\" data-id=\"0aec34e\" data-element_type=\"widget\" data-widget_type=\"html.default\">\n\t\t\t\t<div class=\"elementor-widget-container\">\n\t\t\t\t\t<div id=\"spinner-container1\" class=\"spinner-container\">\r\n    <div class=\"spinner\"><\/div>\r\n<\/div>\r\n<div id=\"product-grid1\" class=\"grid-container\" style=\"display:none;\"><\/div>\r\n<div id=\"pagination1\" class=\"pagination\"><\/div>\r\n<div class=\"error-message\" style=\"display: none; color: red; text-align: center;\"><\/div>\r\n\r\n\r\n\r\n\t\t\t\t<\/div>\n\t\t\t\t<\/div>\n\t\t\t\t<\/div>\n\t\t\t\t<\/div>\n\t\t\t\t<div class=\"elementor-element elementor-element-e034b60 elementor-pagination-position-outside elementor-widget elementor-widget-image-carousel\" data-id=\"e034b60\" data-element_type=\"widget\" data-settings=\"{&quot;slides_to_show&quot;:&quot;5&quot;,&quot;slides_to_show_mobile&quot;:&quot;3&quot;,&quot;slides_to_scroll&quot;:&quot;1&quot;,&quot;navigation&quot;:&quot;dots&quot;,&quot;image_spacing_custom&quot;:{&quot;unit&quot;:&quot;px&quot;,&quot;size&quot;:62,&quot;sizes&quot;:[]},&quot;image_spacing_custom_mobile&quot;:{&quot;unit&quot;:&quot;px&quot;,&quot;size&quot;:19,&quot;sizes&quot;:[]},&quot;autoplay&quot;:&quot;yes&quot;,&quot;pause_on_hover&quot;:&quot;yes&quot;,&quot;pause_on_interaction&quot;:&quot;yes&quot;,&quot;autoplay_speed&quot;:5000,&quot;infinite&quot;:&quot;yes&quot;,&quot;speed&quot;:500,&quot;image_spacing_custom_tablet&quot;:{&quot;unit&quot;:&quot;px&quot;,&quot;size&quot;:&quot;&quot;,&quot;sizes&quot;:[]}}\" data-widget_type=\"image-carousel.default\">\n\t\t\t\t<div class=\"elementor-widget-container\">\n\t\t\t\t\t\t\t<div class=\"elementor-image-carousel-wrapper swiper\" role=\"region\" aria-roledescription=\"carousel\" aria-label=\"Image Carousel\" dir=\"ltr\">\n\t\t\t<div class=\"elementor-image-carousel swiper-wrapper\" aria-live=\"off\">\n\t\t\t\t\t\t\t\t<div class=\"swiper-slide\" role=\"group\" aria-roledescription=\"slide\" aria-label=\"1 of 14\"><figure class=\"swiper-slide-inner\"><img decoding=\"async\" class=\"swiper-slide-image\" src=\"https:\/\/laceibatireshopusa.com\/wp-content\/uploads\/2024\/06\/logo-13.jpg\" alt=\"logo (13)\" \/><\/figure><\/div><div class=\"swiper-slide\" role=\"group\" aria-roledescription=\"slide\" aria-label=\"2 of 14\"><figure class=\"swiper-slide-inner\"><img decoding=\"async\" class=\"swiper-slide-image\" src=\"https:\/\/laceibatireshopusa.com\/wp-content\/uploads\/2024\/06\/logo-12.jpg\" alt=\"logo (12)\" \/><\/figure><\/div><div class=\"swiper-slide\" role=\"group\" aria-roledescription=\"slide\" aria-label=\"3 of 14\"><figure class=\"swiper-slide-inner\"><img decoding=\"async\" class=\"swiper-slide-image\" src=\"https:\/\/laceibatireshopusa.com\/wp-content\/uploads\/2024\/06\/logo-11.jpg\" alt=\"logo (11)\" \/><\/figure><\/div><div class=\"swiper-slide\" role=\"group\" aria-roledescription=\"slide\" aria-label=\"4 of 14\"><figure class=\"swiper-slide-inner\"><img decoding=\"async\" class=\"swiper-slide-image\" src=\"https:\/\/laceibatireshopusa.com\/wp-content\/uploads\/2024\/06\/logo-10.jpg\" alt=\"logo (10)\" \/><\/figure><\/div><div class=\"swiper-slide\" role=\"group\" aria-roledescription=\"slide\" aria-label=\"5 of 14\"><figure class=\"swiper-slide-inner\"><img decoding=\"async\" class=\"swiper-slide-image\" src=\"https:\/\/laceibatireshopusa.com\/wp-content\/uploads\/2024\/06\/logo-9.jpg\" alt=\"logo (9)\" \/><\/figure><\/div><div class=\"swiper-slide\" role=\"group\" aria-roledescription=\"slide\" aria-label=\"6 of 14\"><figure class=\"swiper-slide-inner\"><img decoding=\"async\" class=\"swiper-slide-image\" src=\"https:\/\/laceibatireshopusa.com\/wp-content\/uploads\/2024\/06\/logo-8.jpg\" alt=\"logo (8)\" \/><\/figure><\/div><div class=\"swiper-slide\" role=\"group\" aria-roledescription=\"slide\" aria-label=\"7 of 14\"><figure class=\"swiper-slide-inner\"><img decoding=\"async\" class=\"swiper-slide-image\" src=\"https:\/\/laceibatireshopusa.com\/wp-content\/uploads\/2024\/06\/logo-7.jpg\" alt=\"logo (7)\" \/><\/figure><\/div><div class=\"swiper-slide\" role=\"group\" aria-roledescription=\"slide\" aria-label=\"8 of 14\"><figure class=\"swiper-slide-inner\"><img decoding=\"async\" class=\"swiper-slide-image\" src=\"https:\/\/laceibatireshopusa.com\/wp-content\/uploads\/2024\/06\/logo-6.jpg\" alt=\"logo (6)\" \/><\/figure><\/div><div class=\"swiper-slide\" role=\"group\" aria-roledescription=\"slide\" aria-label=\"9 of 14\"><figure class=\"swiper-slide-inner\"><img decoding=\"async\" class=\"swiper-slide-image\" src=\"https:\/\/laceibatireshopusa.com\/wp-content\/uploads\/2024\/06\/logo-5.jpg\" alt=\"logo (5)\" \/><\/figure><\/div><div class=\"swiper-slide\" role=\"group\" aria-roledescription=\"slide\" aria-label=\"10 of 14\"><figure class=\"swiper-slide-inner\"><img decoding=\"async\" class=\"swiper-slide-image\" src=\"https:\/\/laceibatireshopusa.com\/wp-content\/uploads\/2024\/06\/logo-4.jpg\" alt=\"logo (4)\" \/><\/figure><\/div><div class=\"swiper-slide\" role=\"group\" aria-roledescription=\"slide\" aria-label=\"11 of 14\"><figure class=\"swiper-slide-inner\"><img decoding=\"async\" class=\"swiper-slide-image\" src=\"https:\/\/laceibatireshopusa.com\/wp-content\/uploads\/2024\/06\/logo-3.jpg\" alt=\"logo (3)\" \/><\/figure><\/div><div class=\"swiper-slide\" role=\"group\" aria-roledescription=\"slide\" aria-label=\"12 of 14\"><figure class=\"swiper-slide-inner\"><img decoding=\"async\" class=\"swiper-slide-image\" src=\"https:\/\/laceibatireshopusa.com\/wp-content\/uploads\/2024\/06\/logo-2.jpg\" alt=\"logo (2)\" \/><\/figure><\/div><div class=\"swiper-slide\" role=\"group\" aria-roledescription=\"slide\" aria-label=\"13 of 14\"><figure class=\"swiper-slide-inner\"><img decoding=\"async\" class=\"swiper-slide-image\" src=\"https:\/\/laceibatireshopusa.com\/wp-content\/uploads\/2024\/06\/logo-1.jpg\" alt=\"logo (1)\" \/><\/figure><\/div><div class=\"swiper-slide\" role=\"group\" aria-roledescription=\"slide\" aria-label=\"14 of 14\"><figure class=\"swiper-slide-inner\"><img decoding=\"async\" class=\"swiper-slide-image\" src=\"https:\/\/laceibatireshopusa.com\/wp-content\/uploads\/2024\/06\/logo.jpg\" alt=\"logo\" \/><\/figure><\/div>\t\t\t<\/div>\n\t\t\t\t\t\t\t\n\t\t\t\t\t\t\t\t\t<div class=\"swiper-pagination\"><\/div>\n\t\t\t\t\t\t\t\t\t<\/div>\n\t\t\t\t\t\t<\/div>\n\t\t\t\t<\/div>\n\t\t\t\t\t<\/div>\n\t\t\t\t<\/div>\n\t\t<div class=\"elementor-element elementor-element-fef7d18 e-flex e-con-boxed wpr-particle-no wpr-jarallax-no wpr-parallax-no wpr-sticky-section-no e-con e-parent\" data-id=\"fef7d18\" data-element_type=\"container\" id=\"contentModal\" data-settings=\"{&quot;position&quot;:&quot;absolute&quot;}\">\n\t\t\t\t\t<div class=\"e-con-inner\">\n\t\t\t\t<div class=\"elementor-element elementor-element-2df15f9 elementor-widget elementor-widget-html\" data-id=\"2df15f9\" data-element_type=\"widget\" data-widget_type=\"html.default\">\n\t\t\t\t<div class=\"elementor-widget-container\">\n\t\t\t\t\t<div id=\"modalBackdrop\" class=\"backdrop\">\r\n    <div class=\"modal\">\r\n        <span id=\"closeModalBtn\" class=\"closeModal\">X<\/span>\r\n        <button id=\"prevBtn\"><<\/button>\r\n        <div id=\"slider\" class=\"slider\">\r\n        <\/div>\r\n        <button id=\"nextBtn\">><\/button>\r\n    <\/div>\r\n<\/div>\r\n\r\n\t\t\t\t<\/div>\n\t\t\t\t<\/div>\n\t\t\t\t\t<\/div>\n\t\t\t\t<\/div>\n\t\t\t\t<\/div>","protected":false},"excerpt":{"rendered":"<p>Encuentra el Producto Ideal para tu Veh\u00edculo Navega en nuestra gama de PRODUCTOS. \u00a1Encuentra el PRODUCTO perfecto para tu auto en La Ceiba Tire Shop \ud83c\uddfa\ud83c\uddf8! Navega en nuestro Inventario de rines Manzana Seleccione una opci\u00f3n Marca Seleccione una opci\u00f3n Color Seleccione una opci\u00f3n Rin Seleccione una opci\u00f3n Offset Rin Seleccione una opci\u00f3n Orificio Central Seleccione una opci\u00f3n X<\/p>","protected":false},"author":1,"featured_media":0,"parent":0,"menu_order":0,"comment_status":"closed","ping_status":"closed","template":"elementor_header_footer","meta":{"footnotes":""},"class_list":["post-1106","page","type-page","status-publish","hentry"],"yoast_head":"<!-- This site is optimized with the Yoast SEO Premium plugin v22.6 (Yoast SEO v25.3) - https:\/\/yoast.com\/wordpress\/plugins\/seo\/ -->\n<title>Rines - La Ceiba Tire Shop \ud83c\uddfa\ud83c\uddf8<\/title>\n<meta name=\"robots\" content=\"index, follow, max-snippet:-1, max-image-preview:large, max-video-preview:-1\" \/>\n<link rel=\"canonical\" href=\"https:\/\/laceibatireshopusa.com\/en\/rines\/\" \/>\n<meta property=\"og:locale\" content=\"en_US\" \/>\n<meta property=\"og:type\" content=\"article\" \/>\n<meta property=\"og:title\" content=\"Rines\" \/>\n<meta property=\"og:description\" content=\"Encuentra el Producto Ideal para tu Veh\u00edculo Navega en nuestra gama de PRODUCTOS. \u00a1Encuentra el PRODUCTO perfecto para tu auto en La Ceiba Tire Shop \ud83c\uddfa\ud83c\uddf8! Navega en nuestro Inventario de rines Manzana Seleccione una opci\u00f3n Marca Seleccione una opci\u00f3n Color Seleccione una opci\u00f3n Rin Seleccione una opci\u00f3n Offset Rin Seleccione una opci\u00f3n Orificio Central Seleccione una opci\u00f3n X\" \/>\n<meta property=\"og:url\" content=\"https:\/\/laceibatireshopusa.com\/en\/rines\/\" \/>\n<meta property=\"og:site_name\" content=\"La Ceiba Tire Shop \ud83c\uddfa\ud83c\uddf8\" \/>\n<meta property=\"article:publisher\" content=\"https:\/\/www.tiktok.com\/@laceibatireshop\" \/>\n<meta property=\"article:modified_time\" content=\"2024-12-05T08:33:45+00:00\" \/>\n<meta property=\"og:image\" content=\"https:\/\/laceibatireshopusa.com\/wp-content\/uploads\/2024\/08\/clear.png\" \/>\n<meta name=\"twitter:card\" content=\"summary_large_image\" \/>\n<meta name=\"twitter:label1\" content=\"Est. reading time\" \/>\n\t<meta name=\"twitter:data1\" content=\"6 minutes\" \/>\n<script type=\"application\/ld+json\" class=\"yoast-schema-graph\">{\"@context\":\"https:\/\/schema.org\",\"@graph\":[{\"@type\":\"WebPage\",\"@id\":\"https:\/\/laceibatireshopusa.com\/rines\/\",\"url\":\"https:\/\/laceibatireshopusa.com\/rines\/\",\"name\":\"Rines - La Ceiba Tire Shop \ud83c\uddfa\ud83c\uddf8\",\"isPartOf\":{\"@id\":\"https:\/\/laceibatireshopusa.com\/#website\"},\"primaryImageOfPage\":{\"@id\":\"https:\/\/laceibatireshopusa.com\/rines\/#primaryimage\"},\"image\":{\"@id\":\"https:\/\/laceibatireshopusa.com\/rines\/#primaryimage\"},\"thumbnailUrl\":\"https:\/\/laceibatireshopusa.com\/wp-content\/uploads\/2024\/08\/clear.png\",\"datePublished\":\"2024-07-25T16:41:56+00:00\",\"dateModified\":\"2024-12-05T08:33:45+00:00\",\"breadcrumb\":{\"@id\":\"https:\/\/laceibatireshopusa.com\/rines\/#breadcrumb\"},\"inLanguage\":\"en-US\",\"potentialAction\":[{\"@type\":\"ReadAction\",\"target\":[\"https:\/\/laceibatireshopusa.com\/rines\/\"]}]},{\"@type\":\"ImageObject\",\"inLanguage\":\"en-US\",\"@id\":\"https:\/\/laceibatireshopusa.com\/rines\/#primaryimage\",\"url\":\"https:\/\/laceibatireshopusa.com\/wp-content\/uploads\/2024\/08\/clear.png\",\"contentUrl\":\"https:\/\/laceibatireshopusa.com\/wp-content\/uploads\/2024\/08\/clear.png\"},{\"@type\":\"BreadcrumbList\",\"@id\":\"https:\/\/laceibatireshopusa.com\/rines\/#breadcrumb\",\"itemListElement\":[{\"@type\":\"ListItem\",\"position\":1,\"name\":\"Portada\",\"item\":\"https:\/\/laceibatireshopusa.com\/\"},{\"@type\":\"ListItem\",\"position\":2,\"name\":\"Rines\"}]},{\"@type\":\"WebSite\",\"@id\":\"https:\/\/laceibatireshopusa.com\/#website\",\"url\":\"https:\/\/laceibatireshopusa.com\/\",\"name\":\"La Ceiba Tire Shop \ud83c\uddfa\ud83c\uddf8\",\"description\":\"Compra Llantas y Servicios Automotrices de Alta Calidad\",\"publisher\":{\"@id\":\"https:\/\/laceibatireshopusa.com\/#organization\"},\"alternateName\":\"La Ceiba Tire Shop \ud83c\uddfa\ud83c\uddf8\",\"potentialAction\":[{\"@type\":\"SearchAction\",\"target\":{\"@type\":\"EntryPoint\",\"urlTemplate\":\"https:\/\/laceibatireshopusa.com\/?s={search_term_string}\"},\"query-input\":{\"@type\":\"PropertyValueSpecification\",\"valueRequired\":true,\"valueName\":\"search_term_string\"}}],\"inLanguage\":\"en-US\"},{\"@type\":\"Organization\",\"@id\":\"https:\/\/laceibatireshopusa.com\/#organization\",\"name\":\"La Ceiba Tire Shop \ud83c\uddfa\ud83c\uddf8\",\"alternateName\":\"La Ceiba Tire Shop \ud83c\uddfa\ud83c\uddf8\",\"url\":\"https:\/\/laceibatireshopusa.com\/\",\"logo\":{\"@type\":\"ImageObject\",\"inLanguage\":\"en-US\",\"@id\":\"https:\/\/laceibatireshopusa.com\/#\/schema\/logo\/image\/\",\"url\":\"https:\/\/laceibatireshopusa.com\/wp-content\/uploads\/2024\/06\/eaf541b8-772f-42e3-8268-876650456c71.png\",\"contentUrl\":\"https:\/\/laceibatireshopusa.com\/wp-content\/uploads\/2024\/06\/eaf541b8-772f-42e3-8268-876650456c71.png\",\"width\":2000,\"height\":1302,\"caption\":\"La Ceiba Tire Shop \ud83c\uddfa\ud83c\uddf8\"},\"image\":{\"@id\":\"https:\/\/laceibatireshopusa.com\/#\/schema\/logo\/image\/\"},\"sameAs\":[\"https:\/\/www.tiktok.com\/@laceibatireshop\",\"https:\/\/www.instagram.com\/laceibatireshopdoral\/\"],\"description\":\"Compra Llantas y Servicios Automotrices de Alta Calidad\",\"legalName\":\"La Ceiba Tire Shop \ud83c\uddfa\ud83c\uddf8\"}]}<\/script>\n<!-- \/ Yoast SEO Premium plugin. -->","yoast_head_json":{"title":"Rines - La Ceiba Tire Shop \ud83c\uddfa\ud83c\uddf8","robots":{"index":"index","follow":"follow","max-snippet":"max-snippet:-1","max-image-preview":"max-image-preview:large","max-video-preview":"max-video-preview:-1"},"canonical":"https:\/\/laceibatireshopusa.com\/en\/rines\/","og_locale":"en_US","og_type":"article","og_title":"Rines","og_description":"Encuentra el Producto Ideal para tu Veh\u00edculo Navega en nuestra gama de PRODUCTOS. \u00a1Encuentra el PRODUCTO perfecto para tu auto en La Ceiba Tire Shop \ud83c\uddfa\ud83c\uddf8! Navega en nuestro Inventario de rines Manzana Seleccione una opci\u00f3n Marca Seleccione una opci\u00f3n Color Seleccione una opci\u00f3n Rin Seleccione una opci\u00f3n Offset Rin Seleccione una opci\u00f3n Orificio Central Seleccione una opci\u00f3n X","og_url":"https:\/\/laceibatireshopusa.com\/en\/rines\/","og_site_name":"La Ceiba Tire Shop \ud83c\uddfa\ud83c\uddf8","article_publisher":"https:\/\/www.tiktok.com\/@laceibatireshop","article_modified_time":"2024-12-05T08:33:45+00:00","og_image":[{"url":"https:\/\/laceibatireshopusa.com\/wp-content\/uploads\/2024\/08\/clear.png","type":"","width":"","height":""}],"twitter_card":"summary_large_image","twitter_misc":{"Est. reading time":"6 minutes"},"schema":{"@context":"https:\/\/schema.org","@graph":[{"@type":"WebPage","@id":"https:\/\/laceibatireshopusa.com\/rines\/","url":"https:\/\/laceibatireshopusa.com\/rines\/","name":"Rines - La Ceiba Tire Shop \ud83c\uddfa\ud83c\uddf8","isPartOf":{"@id":"https:\/\/laceibatireshopusa.com\/#website"},"primaryImageOfPage":{"@id":"https:\/\/laceibatireshopusa.com\/rines\/#primaryimage"},"image":{"@id":"https:\/\/laceibatireshopusa.com\/rines\/#primaryimage"},"thumbnailUrl":"https:\/\/laceibatireshopusa.com\/wp-content\/uploads\/2024\/08\/clear.png","datePublished":"2024-07-25T16:41:56+00:00","dateModified":"2024-12-05T08:33:45+00:00","breadcrumb":{"@id":"https:\/\/laceibatireshopusa.com\/rines\/#breadcrumb"},"inLanguage":"en-US","potentialAction":[{"@type":"ReadAction","target":["https:\/\/laceibatireshopusa.com\/rines\/"]}]},{"@type":"ImageObject","inLanguage":"en-US","@id":"https:\/\/laceibatireshopusa.com\/rines\/#primaryimage","url":"https:\/\/laceibatireshopusa.com\/wp-content\/uploads\/2024\/08\/clear.png","contentUrl":"https:\/\/laceibatireshopusa.com\/wp-content\/uploads\/2024\/08\/clear.png"},{"@type":"BreadcrumbList","@id":"https:\/\/laceibatireshopusa.com\/rines\/#breadcrumb","itemListElement":[{"@type":"ListItem","position":1,"name":"Portada","item":"https:\/\/laceibatireshopusa.com\/"},{"@type":"ListItem","position":2,"name":"Rines"}]},{"@type":"WebSite","@id":"https:\/\/laceibatireshopusa.com\/#website","url":"https:\/\/laceibatireshopusa.com\/","name":"La Ceiba Tire Shop \ud83c\uddfa\ud83c\uddf8","description":"Compra Llantas y Servicios Automotrices de Alta Calidad","publisher":{"@id":"https:\/\/laceibatireshopusa.com\/#organization"},"alternateName":"La Ceiba Tire Shop \ud83c\uddfa\ud83c\uddf8","potentialAction":[{"@type":"SearchAction","target":{"@type":"EntryPoint","urlTemplate":"https:\/\/laceibatireshopusa.com\/?s={search_term_string}"},"query-input":{"@type":"PropertyValueSpecification","valueRequired":true,"valueName":"search_term_string"}}],"inLanguage":"en-US"},{"@type":"Organization","@id":"https:\/\/laceibatireshopusa.com\/#organization","name":"La Ceiba Tire Shop \ud83c\uddfa\ud83c\uddf8","alternateName":"La Ceiba Tire Shop \ud83c\uddfa\ud83c\uddf8","url":"https:\/\/laceibatireshopusa.com\/","logo":{"@type":"ImageObject","inLanguage":"en-US","@id":"https:\/\/laceibatireshopusa.com\/#\/schema\/logo\/image\/","url":"https:\/\/laceibatireshopusa.com\/wp-content\/uploads\/2024\/06\/eaf541b8-772f-42e3-8268-876650456c71.png","contentUrl":"https:\/\/laceibatireshopusa.com\/wp-content\/uploads\/2024\/06\/eaf541b8-772f-42e3-8268-876650456c71.png","width":2000,"height":1302,"caption":"La Ceiba Tire Shop \ud83c\uddfa\ud83c\uddf8"},"image":{"@id":"https:\/\/laceibatireshopusa.com\/#\/schema\/logo\/image\/"},"sameAs":["https:\/\/www.tiktok.com\/@laceibatireshop","https:\/\/www.instagram.com\/laceibatireshopdoral\/"],"description":"Compra Llantas y Servicios Automotrices de Alta Calidad","legalName":"La Ceiba Tire Shop \ud83c\uddfa\ud83c\uddf8"}]}},"_links":{"self":[{"href":"https:\/\/laceibatireshopusa.com\/en\/wp-json\/wp\/v2\/pages\/1106","targetHints":{"allow":["GET"]}}],"collection":[{"href":"https:\/\/laceibatireshopusa.com\/en\/wp-json\/wp\/v2\/pages"}],"about":[{"href":"https:\/\/laceibatireshopusa.com\/en\/wp-json\/wp\/v2\/types\/page"}],"author":[{"embeddable":true,"href":"https:\/\/laceibatireshopusa.com\/en\/wp-json\/wp\/v2\/users\/1"}],"replies":[{"embeddable":true,"href":"https:\/\/laceibatireshopusa.com\/en\/wp-json\/wp\/v2\/comments?post=1106"}],"version-history":[{"count":11,"href":"https:\/\/laceibatireshopusa.com\/en\/wp-json\/wp\/v2\/pages\/1106\/revisions"}],"predecessor-version":[{"id":1646,"href":"https:\/\/laceibatireshopusa.com\/en\/wp-json\/wp\/v2\/pages\/1106\/revisions\/1646"}],"wp:attachment":[{"href":"https:\/\/laceibatireshopusa.com\/en\/wp-json\/wp\/v2\/media?parent=1106"}],"curies":[{"name":"wp","href":"https:\/\/api.w.org\/{rel}","templated":true}]}}