{"id":18,"date":"2024-05-09T22:34:52","date_gmt":"2024-05-09T20:34:52","guid":{"rendered":"https:\/\/laceibatireshopusa.com\/?page_id=18"},"modified":"2024-08-13T23:35:47","modified_gmt":"2024-08-13T21:35:47","slug":"sobre-nosotros","status":"publish","type":"page","link":"https:\/\/laceibatireshopusa.com\/en\/sobre-nosotros\/","title":{"rendered":"Sobre Nosotros"},"content":{"rendered":"<div data-elementor-type=\"wp-page\" data-elementor-id=\"18\" class=\"elementor elementor-18\" data-elementor-post-type=\"page\">\n\t\t\t\t<div class=\"elementor-element elementor-element-0a9c30b e-flex e-con-boxed wpr-particle-no wpr-jarallax-no wpr-parallax-no wpr-sticky-section-no e-con e-parent\" data-id=\"0a9c30b\" data-element_type=\"container\" data-settings=\"{&quot;background_background&quot;:&quot;classic&quot;}\">\n\t\t\t\t\t<div class=\"e-con-inner\">\n\t\t<div class=\"elementor-element elementor-element-116dafc e-con-full e-flex wpr-particle-no wpr-jarallax-no wpr-parallax-no wpr-sticky-section-no e-con e-child\" data-id=\"116dafc\" data-element_type=\"container\">\n\t\t\t\t<div class=\"elementor-element elementor-element-78c444c elementor-widget elementor-widget-heading\" data-id=\"78c444c\" data-element_type=\"widget\" data-widget_type=\"heading.default\">\n\t\t\t\t<div class=\"elementor-widget-container\">\n\t\t\t\t\t<h1 class=\"elementor-heading-title elementor-size-default\">DE 10 A\u00d1OS OFRECI\u00c9NDOTE LOS MEJORES SERVICIOS AUTOMOTRICES<\/h1>\t\t\t\t<\/div>\n\t\t\t\t<\/div>\n\t\t\t\t<div class=\"elementor-element elementor-element-cc3a9f4 elementor-widget elementor-widget-heading\" data-id=\"cc3a9f4\" data-element_type=\"widget\" data-widget_type=\"heading.default\">\n\t\t\t\t<div class=\"elementor-widget-container\">\n\t\t\t\t\t<h2 class=\"elementor-heading-title elementor-size-default\">\nCON\u00d3CENOS Y DESCUBRE LA EXPERIENCIA \u00daNICA CON LA CEIBA TIRE SHOP<\/h2>\t\t\t\t<\/div>\n\t\t\t\t<\/div>\n\t\t\t\t<\/div>\n\t\t\t\t\t<\/div>\n\t\t\t\t<\/div>\n\t\t<div class=\"elementor-element elementor-element-2a00c14 e-flex e-con-boxed wpr-particle-no wpr-jarallax-no wpr-parallax-no wpr-sticky-section-no e-con e-parent\" data-id=\"2a00c14\" data-element_type=\"container\">\n\t\t\t\t\t<div class=\"e-con-inner\">\n\t\t<div class=\"elementor-element elementor-element-6601a47 e-flex e-con-boxed wpr-particle-no wpr-jarallax-no wpr-parallax-no wpr-sticky-section-no elementor-invisible e-con e-child\" data-id=\"6601a47\" data-element_type=\"container\" data-settings=\"{&quot;animation&quot;:&quot;fadeInUp&quot;}\">\n\t\t\t\t\t<div class=\"e-con-inner\">\n\t\t\t\t<div class=\"elementor-element elementor-element-fcf9a76 elementor-widget elementor-widget-heading\" data-id=\"fcf9a76\" data-element_type=\"widget\" data-widget_type=\"heading.default\">\n\t\t\t\t<div class=\"elementor-widget-container\">\n\t\t\t\t\t<h2 class=\"elementor-heading-title elementor-size-default\">En La Ceiba Tire Shop \ud83c\uddfa\ud83c\uddf8, no solo vendemos y reparamos, creamos relaciones duraderas<\/h2>\t\t\t\t<\/div>\n\t\t\t\t<\/div>\n\t\t\t\t<div class=\"elementor-element elementor-element-f339f6d elementor-widget elementor-widget-text-editor\" data-id=\"f339f6d\" data-element_type=\"widget\" data-widget_type=\"text-editor.default\">\n\t\t\t\t<div class=\"elementor-widget-container\">\n\t\t\t\t\t\t\t\t\t<p>Nuestra misi\u00f3n es ofrecerte una experiencia de servicio transparente y personalizada que se ajuste a tus expectativas y presupuesto. Explora nuestra amplia gama de servicios de alta calidad, donde cada trabajo promete rendimiento, seguridad y confort. Situados en el vibrante coraz\u00f3n de la ciudad, estamos comprometidos a brindarte precios competitivos y un servicio al cliente insuperable. Vis\u00edtanos y deja que nuestro equipo experto te gu\u00ede a trav\u00e9s de la mejor experiencia en mantenimiento y personalizaci\u00f3n de tu veh\u00edculo, garantizando un resultado tan \u00fanico como t\u00fa.<\/p>\t\t\t\t\t\t\t\t<\/div>\n\t\t\t\t<\/div>\n\t\t\t\t\t<\/div>\n\t\t\t\t<\/div>\n\t\t<div class=\"elementor-element elementor-element-712dbcc e-flex e-con-boxed wpr-particle-no wpr-jarallax-no wpr-parallax-no wpr-sticky-section-no e-con e-child\" data-id=\"712dbcc\" data-element_type=\"container\">\n\t\t\t\t\t<div class=\"e-con-inner\">\n\t\t\t\t<div class=\"elementor-element elementor-element-12d70f0 elementor-invisible elementor-widget elementor-widget-image\" data-id=\"12d70f0\" data-element_type=\"widget\" data-settings=\"{&quot;_animation&quot;:&quot;fadeInLeft&quot;}\" data-widget_type=\"image.default\">\n\t\t\t\t<div class=\"elementor-widget-container\">\n\t\t\t\t\t\t\t\t\t\t\t\t\t\t\t<img fetchpriority=\"high\" decoding=\"async\" width=\"1920\" height=\"1200\" src=\"https:\/\/laceibatireshopusa.com\/wp-content\/uploads\/2024\/06\/Agregar-un-subtitulo.jpg\" class=\"attachment-full size-full wp-image-418\" alt=\"alineaci\u00f3n de autos\" srcset=\"https:\/\/laceibatireshopusa.com\/wp-content\/uploads\/2024\/06\/Agregar-un-subtitulo.jpg 1920w, https:\/\/laceibatireshopusa.com\/wp-content\/uploads\/2024\/06\/Agregar-un-subtitulo-300x188.jpg 300w, https:\/\/laceibatireshopusa.com\/wp-content\/uploads\/2024\/06\/Agregar-un-subtitulo-1024x640.jpg 1024w, https:\/\/laceibatireshopusa.com\/wp-content\/uploads\/2024\/06\/Agregar-un-subtitulo-768x480.jpg 768w, https:\/\/laceibatireshopusa.com\/wp-content\/uploads\/2024\/06\/Agregar-un-subtitulo-1536x960.jpg 1536w, https:\/\/laceibatireshopusa.com\/wp-content\/uploads\/2024\/06\/Agregar-un-subtitulo-600x375.jpg 600w\" sizes=\"(max-width: 1920px) 100vw, 1920px\" \/>\t\t\t\t\t\t\t\t\t\t\t\t\t\t\t<\/div>\n\t\t\t\t<\/div>\n\t\t\t\t\t<\/div>\n\t\t\t\t<\/div>\n\t\t\t\t\t<\/div>\n\t\t\t\t<\/div>\n\t\t<div class=\"elementor-element elementor-element-c6fad25 e-flex e-con-boxed wpr-particle-no wpr-jarallax-no wpr-parallax-no wpr-sticky-section-no e-con e-parent\" data-id=\"c6fad25\" data-element_type=\"container\">\n\t\t\t\t\t<div class=\"e-con-inner\">\n\t\t\t\t<div class=\"elementor-element elementor-element-ba062a9 elementor-widget elementor-widget-text-editor\" data-id=\"ba062a9\" data-element_type=\"widget\" data-widget_type=\"text-editor.default\">\n\t\t\t\t<div class=\"elementor-widget-container\">\n\t\t\t\t\t\t\t\t\t<p>La Ceiba Tire Shop \ud83c\uddfa\ud83c\uddf8 es un taller automotriz de confianza con m\u00e1s de una d\u00e9cada de experiencia en la industria. Nuestro compromiso es ofrecer a cada cliente una experiencia excepcional y personalizada.<\/p><p>Nuestro cat\u00e1logo incluye una amplia gama de servicios, desde venta de llantas y suspensiones hasta alineaci\u00f3n, personalizaci\u00f3n, mantenimiento, mec\u00e1nica y servicio para veh\u00edculos ex\u00f3ticos. Entendemos que cuidar de tu auto es una decisi\u00f3n importante, por eso nos dedicamos a proporcionar un ambiente acogedor y un asesoramiento honesto para asegurar que cada cliente tome la mejor decisi\u00f3n seg\u00fan sus necesidades y presupuesto.<\/p>\t\t\t\t\t\t\t\t<\/div>\n\t\t\t\t<\/div>\n\t\t\t\t\t<\/div>\n\t\t\t\t<\/div>\n\t\t<div class=\"elementor-element elementor-element-dcbf576 e-flex e-con-boxed wpr-particle-no wpr-jarallax-no wpr-parallax-no wpr-sticky-section-no e-con e-parent\" data-id=\"dcbf576\" data-element_type=\"container\">\n\t\t\t\t\t<div class=\"e-con-inner\">\n\t\t<div class=\"elementor-element elementor-element-833b748 e-flex e-con-boxed wpr-particle-no wpr-jarallax-no wpr-parallax-no wpr-sticky-section-no e-con e-child\" data-id=\"833b748\" data-element_type=\"container\">\n\t\t\t\t\t<div class=\"e-con-inner\">\n\t\t\t\t<div class=\"elementor-element elementor-element-97601c0 elementor-invisible elementor-widget elementor-widget-image\" data-id=\"97601c0\" data-element_type=\"widget\" data-settings=\"{&quot;_animation&quot;:&quot;fadeInRight&quot;}\" data-widget_type=\"image.default\">\n\t\t\t\t<div class=\"elementor-widget-container\">\n\t\t\t\t\t\t\t\t\t\t\t\t\t\t\t<img decoding=\"async\" width=\"1920\" height=\"1200\" src=\"https:\/\/laceibatireshopusa.com\/wp-content\/uploads\/2024\/06\/Agregar-un-subtitulo-1.jpg\" class=\"attachment-full size-full wp-image-419\" alt=\"Repuestos automotrices\" srcset=\"https:\/\/laceibatireshopusa.com\/wp-content\/uploads\/2024\/06\/Agregar-un-subtitulo-1.jpg 1920w, https:\/\/laceibatireshopusa.com\/wp-content\/uploads\/2024\/06\/Agregar-un-subtitulo-1-300x188.jpg 300w, https:\/\/laceibatireshopusa.com\/wp-content\/uploads\/2024\/06\/Agregar-un-subtitulo-1-1024x640.jpg 1024w, https:\/\/laceibatireshopusa.com\/wp-content\/uploads\/2024\/06\/Agregar-un-subtitulo-1-768x480.jpg 768w, https:\/\/laceibatireshopusa.com\/wp-content\/uploads\/2024\/06\/Agregar-un-subtitulo-1-1536x960.jpg 1536w, https:\/\/laceibatireshopusa.com\/wp-content\/uploads\/2024\/06\/Agregar-un-subtitulo-1-600x375.jpg 600w\" sizes=\"(max-width: 1920px) 100vw, 1920px\" \/>\t\t\t\t\t\t\t\t\t\t\t\t\t\t\t<\/div>\n\t\t\t\t<\/div>\n\t\t\t\t\t<\/div>\n\t\t\t\t<\/div>\n\t\t<div class=\"elementor-element elementor-element-656fb7b e-flex e-con-boxed wpr-particle-no wpr-jarallax-no wpr-parallax-no wpr-sticky-section-no e-con e-child\" data-id=\"656fb7b\" data-element_type=\"container\">\n\t\t\t\t\t<div class=\"e-con-inner\">\n\t\t\t\t<div class=\"elementor-element elementor-element-5a62068 elementor-widget elementor-widget-text-editor\" data-id=\"5a62068\" data-element_type=\"widget\" data-widget_type=\"text-editor.default\">\n\t\t\t\t<div class=\"elementor-widget-container\">\n\t\t\t\t\t\t\t\t\tEn La Ceiba Tire Shop \ud83c\uddfa\ud83c\uddf8, valoramos la transparencia y la integridad en todos nuestros tratos. Nuestro equipo de profesionales experimentados est\u00e1 aqu\u00ed para guiarte en cada paso del proceso, desde la selecci\u00f3n de las mejores llantas hasta la realizaci\u00f3n de servicios mec\u00e1nicos y de mantenimiento a medida. Vis\u00edtanos y descubre por qu\u00e9 somos la elecci\u00f3n preferida para los amantes de los autos en la ciudad.\t\t\t\t\t\t\t\t<\/div>\n\t\t\t\t<\/div>\n\t\t\t\t<div class=\"elementor-element elementor-element-000df88 animated-slow elementor-invisible elementor-widget elementor-widget-button\" data-id=\"000df88\" data-element_type=\"widget\" data-settings=\"{&quot;_animation&quot;:&quot;fadeInUp&quot;}\" data-widget_type=\"button.default\">\n\t\t\t\t<div class=\"elementor-widget-container\">\n\t\t\t\t\t\t\t\t\t<div class=\"elementor-button-wrapper\">\n\t\t\t\t\t<a class=\"elementor-button elementor-button-link elementor-size-sm\" href=\"https:\/\/laceibatireshopusa.com\/en\/rines\/\">\n\t\t\t\t\t\t<span class=\"elementor-button-content-wrapper\">\n\t\t\t\t\t\t\t\t\t<span class=\"elementor-button-text\">Ver Productos<\/span>\n\t\t\t\t\t<\/span>\n\t\t\t\t\t<\/a>\n\t\t\t\t<\/div>\n\t\t\t\t\t\t\t\t<\/div>\n\t\t\t\t<\/div>\n\t\t\t\t\t<\/div>\n\t\t\t\t<\/div>\n\t\t\t\t\t<\/div>\n\t\t\t\t<\/div>\n\t\t\t\t<\/div>","protected":false},"excerpt":{"rendered":"<p>En Miami Ap Auto Sales encontrar\u00e1s el veh\u00edculo que tanto necesitas. En nuestro Dealer manejamos las mejores marcas de autos<\/p>","protected":false},"author":1,"featured_media":425,"parent":0,"menu_order":0,"comment_status":"closed","ping_status":"closed","template":"elementor_header_footer","meta":{"footnotes":""},"class_list":["post-18","page","type-page","status-publish","has-post-thumbnail","hentry"],"yoast_head":"<!-- This site is optimized with the Yoast SEO Premium plugin v22.6 (Yoast SEO v25.3) - https:\/\/yoast.com\/wordpress\/plugins\/seo\/ -->\n<title>Somos La Ceiba Tire Shop \ud83c\uddfa\ud83c\uddf8 - Tu Taller Automotriz de Confianza<\/title>\n<meta name=\"description\" content=\"En La Ceiba Tire Shop encontrar\u00e1s los servicios automotrices que tu veh\u00edculo necesita. Ofrecemos llantas, suspensiones, alineaci\u00f3n y m\u00e1s\" \/>\n<meta name=\"robots\" content=\"index, follow, max-snippet:-1, max-image-preview:large, max-video-preview:-1\" \/>\n<link rel=\"canonical\" href=\"https:\/\/laceibatireshopusa.com\/en\/sobre-nosotros\/\" \/>\n<meta property=\"og:locale\" content=\"en_US\" \/>\n<meta property=\"og:type\" content=\"article\" \/>\n<meta property=\"og:title\" content=\"Somos La Ceiba Tire Shop \ud83c\uddfa\ud83c\uddf8 - Tu Taller Automotriz de Confianza\" \/>\n<meta property=\"og:description\" content=\"En La Ceiba Tire Shop encontrar\u00e1s los servicios automotrices que tu veh\u00edculo necesita. Ofrecemos llantas, suspensiones, alineaci\u00f3n y m\u00e1s\" \/>\n<meta property=\"og:url\" content=\"https:\/\/laceibatireshopusa.com\/en\/sobre-nosotros\/\" \/>\n<meta property=\"og:site_name\" content=\"La Ceiba Tire Shop \ud83c\uddfa\ud83c\uddf8\" \/>\n<meta property=\"article:publisher\" content=\"https:\/\/www.tiktok.com\/@laceibatireshop\" \/>\n<meta property=\"article:modified_time\" content=\"2024-08-13T21:35:47+00:00\" \/>\n<meta property=\"og:image\" content=\"https:\/\/laceibatireshopusa.com\/wp-content\/uploads\/2024\/06\/la-ceiba-6.jpg\" \/>\n\t<meta property=\"og:image:width\" content=\"1920\" \/>\n\t<meta property=\"og:image:height\" content=\"1080\" \/>\n\t<meta property=\"og:image:type\" content=\"image\/jpeg\" \/>\n<meta name=\"twitter:card\" content=\"summary_large_image\" \/>\n<meta name=\"twitter:title\" content=\"Somos La Ceiba Tire Shop \ud83c\uddfa\ud83c\uddf8 - Tu Taller Automotriz de Confianza\" \/>\n<meta name=\"twitter:description\" content=\"En La Ceiba Tire Shop encontrar\u00e1s los servicios automotrices que tu veh\u00edculo necesita. Ofrecemos llantas, suspensiones, alineaci\u00f3n y m\u00e1s\" \/>\n<meta name=\"twitter:image\" content=\"https:\/\/laceibatireshopusa.com\/wp-content\/uploads\/2024\/06\/la-ceiba-6.jpg\" \/>\n<meta name=\"twitter:label1\" content=\"Est. reading time\" \/>\n\t<meta name=\"twitter:data1\" content=\"3 minutes\" \/>\n<script type=\"application\/ld+json\" class=\"yoast-schema-graph\">{\"@context\":\"https:\/\/schema.org\",\"@graph\":[{\"@type\":\"WebPage\",\"@id\":\"https:\/\/laceibatireshopusa.com\/sobre-nosotros\/\",\"url\":\"https:\/\/laceibatireshopusa.com\/sobre-nosotros\/\",\"name\":\"Somos La Ceiba Tire Shop \ud83c\uddfa\ud83c\uddf8 - Tu Taller Automotriz de Confianza\",\"isPartOf\":{\"@id\":\"https:\/\/laceibatireshopusa.com\/#website\"},\"primaryImageOfPage\":{\"@id\":\"https:\/\/laceibatireshopusa.com\/sobre-nosotros\/#primaryimage\"},\"image\":{\"@id\":\"https:\/\/laceibatireshopusa.com\/sobre-nosotros\/#primaryimage\"},\"thumbnailUrl\":\"https:\/\/laceibatireshopusa.com\/wp-content\/uploads\/2024\/06\/la-ceiba-6.jpg\",\"datePublished\":\"2024-05-09T20:34:52+00:00\",\"dateModified\":\"2024-08-13T21:35:47+00:00\",\"description\":\"En La Ceiba Tire Shop encontrar\u00e1s los servicios automotrices que tu veh\u00edculo necesita. Ofrecemos llantas, suspensiones, alineaci\u00f3n y m\u00e1s\",\"breadcrumb\":{\"@id\":\"https:\/\/laceibatireshopusa.com\/sobre-nosotros\/#breadcrumb\"},\"inLanguage\":\"en-US\",\"potentialAction\":[{\"@type\":\"ReadAction\",\"target\":[\"https:\/\/laceibatireshopusa.com\/sobre-nosotros\/\"]}]},{\"@type\":\"ImageObject\",\"inLanguage\":\"en-US\",\"@id\":\"https:\/\/laceibatireshopusa.com\/sobre-nosotros\/#primaryimage\",\"url\":\"https:\/\/laceibatireshopusa.com\/wp-content\/uploads\/2024\/06\/la-ceiba-6.jpg\",\"contentUrl\":\"https:\/\/laceibatireshopusa.com\/wp-content\/uploads\/2024\/06\/la-ceiba-6.jpg\",\"width\":1920,\"height\":1080,\"caption\":\"Somos La Ceiba Tire Shop \ud83c\uddfa\ud83c\uddf8\"},{\"@type\":\"BreadcrumbList\",\"@id\":\"https:\/\/laceibatireshopusa.com\/sobre-nosotros\/#breadcrumb\",\"itemListElement\":[{\"@type\":\"ListItem\",\"position\":1,\"name\":\"Portada\",\"item\":\"https:\/\/laceibatireshopusa.com\/\"},{\"@type\":\"ListItem\",\"position\":2,\"name\":\"Sobre Nosotros\"}]},{\"@type\":\"WebSite\",\"@id\":\"https:\/\/laceibatireshopusa.com\/#website\",\"url\":\"https:\/\/laceibatireshopusa.com\/\",\"name\":\"La Ceiba Tire Shop \ud83c\uddfa\ud83c\uddf8\",\"description\":\"Compra Llantas y Servicios Automotrices de Alta Calidad\",\"publisher\":{\"@id\":\"https:\/\/laceibatireshopusa.com\/#organization\"},\"alternateName\":\"La Ceiba Tire Shop \ud83c\uddfa\ud83c\uddf8\",\"potentialAction\":[{\"@type\":\"SearchAction\",\"target\":{\"@type\":\"EntryPoint\",\"urlTemplate\":\"https:\/\/laceibatireshopusa.com\/?s={search_term_string}\"},\"query-input\":{\"@type\":\"PropertyValueSpecification\",\"valueRequired\":true,\"valueName\":\"search_term_string\"}}],\"inLanguage\":\"en-US\"},{\"@type\":\"Organization\",\"@id\":\"https:\/\/laceibatireshopusa.com\/#organization\",\"name\":\"La Ceiba Tire Shop \ud83c\uddfa\ud83c\uddf8\",\"alternateName\":\"La Ceiba Tire Shop \ud83c\uddfa\ud83c\uddf8\",\"url\":\"https:\/\/laceibatireshopusa.com\/\",\"logo\":{\"@type\":\"ImageObject\",\"inLanguage\":\"en-US\",\"@id\":\"https:\/\/laceibatireshopusa.com\/#\/schema\/logo\/image\/\",\"url\":\"https:\/\/laceibatireshopusa.com\/wp-content\/uploads\/2024\/06\/eaf541b8-772f-42e3-8268-876650456c71.png\",\"contentUrl\":\"https:\/\/laceibatireshopusa.com\/wp-content\/uploads\/2024\/06\/eaf541b8-772f-42e3-8268-876650456c71.png\",\"width\":2000,\"height\":1302,\"caption\":\"La Ceiba Tire Shop \ud83c\uddfa\ud83c\uddf8\"},\"image\":{\"@id\":\"https:\/\/laceibatireshopusa.com\/#\/schema\/logo\/image\/\"},\"sameAs\":[\"https:\/\/www.tiktok.com\/@laceibatireshop\",\"https:\/\/www.instagram.com\/laceibatireshopdoral\/\"],\"description\":\"Compra Llantas y Servicios Automotrices de Alta Calidad\",\"legalName\":\"La Ceiba Tire Shop \ud83c\uddfa\ud83c\uddf8\"}]}<\/script>\n<!-- \/ Yoast SEO Premium plugin. -->","yoast_head_json":{"title":"Somos La Ceiba Tire Shop \ud83c\uddfa\ud83c\uddf8 - Tu Taller Automotriz de Confianza","description":"En La Ceiba Tire Shop encontrar\u00e1s los servicios automotrices que tu veh\u00edculo necesita. Ofrecemos llantas, suspensiones, alineaci\u00f3n y m\u00e1s","robots":{"index":"index","follow":"follow","max-snippet":"max-snippet:-1","max-image-preview":"max-image-preview:large","max-video-preview":"max-video-preview:-1"},"canonical":"https:\/\/laceibatireshopusa.com\/en\/sobre-nosotros\/","og_locale":"en_US","og_type":"article","og_title":"Somos La Ceiba Tire Shop \ud83c\uddfa\ud83c\uddf8 - Tu Taller Automotriz de Confianza","og_description":"En La Ceiba Tire Shop encontrar\u00e1s los servicios automotrices que tu veh\u00edculo necesita. Ofrecemos llantas, suspensiones, alineaci\u00f3n y m\u00e1s","og_url":"https:\/\/laceibatireshopusa.com\/en\/sobre-nosotros\/","og_site_name":"La Ceiba Tire Shop \ud83c\uddfa\ud83c\uddf8","article_publisher":"https:\/\/www.tiktok.com\/@laceibatireshop","article_modified_time":"2024-08-13T21:35:47+00:00","og_image":[{"width":1920,"height":1080,"url":"https:\/\/laceibatireshopusa.com\/wp-content\/uploads\/2024\/06\/la-ceiba-6.jpg","type":"image\/jpeg"}],"twitter_card":"summary_large_image","twitter_title":"Somos La Ceiba Tire Shop \ud83c\uddfa\ud83c\uddf8 - Tu Taller Automotriz de Confianza","twitter_description":"En La Ceiba Tire Shop encontrar\u00e1s los servicios automotrices que tu veh\u00edculo necesita. Ofrecemos llantas, suspensiones, alineaci\u00f3n y m\u00e1s","twitter_image":"https:\/\/laceibatireshopusa.com\/wp-content\/uploads\/2024\/06\/la-ceiba-6.jpg","twitter_misc":{"Est. reading time":"3 minutes"},"schema":{"@context":"https:\/\/schema.org","@graph":[{"@type":"WebPage","@id":"https:\/\/laceibatireshopusa.com\/sobre-nosotros\/","url":"https:\/\/laceibatireshopusa.com\/sobre-nosotros\/","name":"Somos La Ceiba Tire Shop \ud83c\uddfa\ud83c\uddf8 - Tu Taller Automotriz de Confianza","isPartOf":{"@id":"https:\/\/laceibatireshopusa.com\/#website"},"primaryImageOfPage":{"@id":"https:\/\/laceibatireshopusa.com\/sobre-nosotros\/#primaryimage"},"image":{"@id":"https:\/\/laceibatireshopusa.com\/sobre-nosotros\/#primaryimage"},"thumbnailUrl":"https:\/\/laceibatireshopusa.com\/wp-content\/uploads\/2024\/06\/la-ceiba-6.jpg","datePublished":"2024-05-09T20:34:52+00:00","dateModified":"2024-08-13T21:35:47+00:00","description":"En La Ceiba Tire Shop encontrar\u00e1s los servicios automotrices que tu veh\u00edculo necesita. Ofrecemos llantas, suspensiones, alineaci\u00f3n y m\u00e1s","breadcrumb":{"@id":"https:\/\/laceibatireshopusa.com\/sobre-nosotros\/#breadcrumb"},"inLanguage":"en-US","potentialAction":[{"@type":"ReadAction","target":["https:\/\/laceibatireshopusa.com\/sobre-nosotros\/"]}]},{"@type":"ImageObject","inLanguage":"en-US","@id":"https:\/\/laceibatireshopusa.com\/sobre-nosotros\/#primaryimage","url":"https:\/\/laceibatireshopusa.com\/wp-content\/uploads\/2024\/06\/la-ceiba-6.jpg","contentUrl":"https:\/\/laceibatireshopusa.com\/wp-content\/uploads\/2024\/06\/la-ceiba-6.jpg","width":1920,"height":1080,"caption":"Somos La Ceiba Tire Shop \ud83c\uddfa\ud83c\uddf8"},{"@type":"BreadcrumbList","@id":"https:\/\/laceibatireshopusa.com\/sobre-nosotros\/#breadcrumb","itemListElement":[{"@type":"ListItem","position":1,"name":"Portada","item":"https:\/\/laceibatireshopusa.com\/"},{"@type":"ListItem","position":2,"name":"Sobre Nosotros"}]},{"@type":"WebSite","@id":"https:\/\/laceibatireshopusa.com\/#website","url":"https:\/\/laceibatireshopusa.com\/","name":"La Ceiba Tire Shop \ud83c\uddfa\ud83c\uddf8","description":"Compra Llantas y Servicios Automotrices de Alta Calidad","publisher":{"@id":"https:\/\/laceibatireshopusa.com\/#organization"},"alternateName":"La Ceiba Tire Shop \ud83c\uddfa\ud83c\uddf8","potentialAction":[{"@type":"SearchAction","target":{"@type":"EntryPoint","urlTemplate":"https:\/\/laceibatireshopusa.com\/?s={search_term_string}"},"query-input":{"@type":"PropertyValueSpecification","valueRequired":true,"valueName":"search_term_string"}}],"inLanguage":"en-US"},{"@type":"Organization","@id":"https:\/\/laceibatireshopusa.com\/#organization","name":"La Ceiba Tire Shop \ud83c\uddfa\ud83c\uddf8","alternateName":"La Ceiba Tire Shop \ud83c\uddfa\ud83c\uddf8","url":"https:\/\/laceibatireshopusa.com\/","logo":{"@type":"ImageObject","inLanguage":"en-US","@id":"https:\/\/laceibatireshopusa.com\/#\/schema\/logo\/image\/","url":"https:\/\/laceibatireshopusa.com\/wp-content\/uploads\/2024\/06\/eaf541b8-772f-42e3-8268-876650456c71.png","contentUrl":"https:\/\/laceibatireshopusa.com\/wp-content\/uploads\/2024\/06\/eaf541b8-772f-42e3-8268-876650456c71.png","width":2000,"height":1302,"caption":"La Ceiba Tire Shop \ud83c\uddfa\ud83c\uddf8"},"image":{"@id":"https:\/\/laceibatireshopusa.com\/#\/schema\/logo\/image\/"},"sameAs":["https:\/\/www.tiktok.com\/@laceibatireshop","https:\/\/www.instagram.com\/laceibatireshopdoral\/"],"description":"Compra Llantas y Servicios Automotrices de Alta Calidad","legalName":"La Ceiba Tire Shop \ud83c\uddfa\ud83c\uddf8"}]}},"_links":{"self":[{"href":"https:\/\/laceibatireshopusa.com\/en\/wp-json\/wp\/v2\/pages\/18","targetHints":{"allow":["GET"]}}],"collection":[{"href":"https:\/\/laceibatireshopusa.com\/en\/wp-json\/wp\/v2\/pages"}],"about":[{"href":"https:\/\/laceibatireshopusa.com\/en\/wp-json\/wp\/v2\/types\/page"}],"author":[{"embeddable":true,"href":"https:\/\/laceibatireshopusa.com\/en\/wp-json\/wp\/v2\/users\/1"}],"replies":[{"embeddable":true,"href":"https:\/\/laceibatireshopusa.com\/en\/wp-json\/wp\/v2\/comments?post=18"}],"version-history":[{"count":17,"href":"https:\/\/laceibatireshopusa.com\/en\/wp-json\/wp\/v2\/pages\/18\/revisions"}],"predecessor-version":[{"id":1587,"href":"https:\/\/laceibatireshopusa.com\/en\/wp-json\/wp\/v2\/pages\/18\/revisions\/1587"}],"wp:featuredmedia":[{"embeddable":true,"href":"https:\/\/laceibatireshopusa.com\/en\/wp-json\/wp\/v2\/media\/425"}],"wp:attachment":[{"href":"https:\/\/laceibatireshopusa.com\/en\/wp-json\/wp\/v2\/media?parent=18"}],"curies":[{"name":"wp","href":"https:\/\/api.w.org\/{rel}","templated":true}]}}