{"id":1842,"date":"2025-07-05T20:15:41","date_gmt":"2025-07-05T18:15:41","guid":{"rendered":"https:\/\/laceibatireshopusa.com\/?page_id=1842"},"modified":"2025-07-05T20:26:33","modified_gmt":"2025-07-05T18:26:33","slug":"promociones","status":"publish","type":"page","link":"https:\/\/laceibatireshopusa.com\/en\/promociones\/","title":{"rendered":"Promociones"},"content":{"rendered":"<div data-elementor-type=\"wp-page\" data-elementor-id=\"1842\" class=\"elementor elementor-1842\" data-elementor-post-type=\"page\">\n\t\t\t\t<div class=\"elementor-element elementor-element-e03fc0f e-flex e-con-boxed wpr-particle-no wpr-jarallax-no wpr-parallax-no wpr-sticky-section-no e-con e-parent\" data-id=\"e03fc0f\" data-element_type=\"container\" data-settings=\"{&quot;background_background&quot;:&quot;classic&quot;}\">\n\t\t\t\t\t<div class=\"e-con-inner\">\n\t\t<div class=\"elementor-element elementor-element-ec6a91f e-con-full e-flex wpr-particle-no wpr-jarallax-no wpr-parallax-no wpr-sticky-section-no e-con e-child\" data-id=\"ec6a91f\" data-element_type=\"container\">\n\t\t\t\t<div class=\"elementor-element elementor-element-37ad747 elementor-widget elementor-widget-heading\" data-id=\"37ad747\" data-element_type=\"widget\" data-widget_type=\"heading.default\">\n\t\t\t\t<div class=\"elementor-widget-container\">\n\t\t\t\t\t<h1 class=\"elementor-heading-title elementor-size-default\">DISFRUTA DE TODAS NUESTRAS PROMOCIONES<\/h1>\t\t\t\t<\/div>\n\t\t\t\t<\/div>\n\t\t\t\t<\/div>\n\t\t\t\t\t<\/div>\n\t\t\t\t<\/div>\n\t\t<div class=\"elementor-element elementor-element-a905aa3 e-flex e-con-boxed wpr-particle-no wpr-jarallax-no wpr-parallax-no wpr-sticky-section-no e-con e-parent\" data-id=\"a905aa3\" data-element_type=\"container\">\n\t\t\t\t\t<div class=\"e-con-inner\">\n\t\t\t\t<div class=\"elementor-element elementor-element-d542d54 elementor-widget elementor-widget-heading\" data-id=\"d542d54\" data-element_type=\"widget\" data-widget_type=\"heading.default\">\n\t\t\t\t<div class=\"elementor-widget-container\">\n\t\t\t\t\t<h2 class=\"elementor-heading-title elementor-size-default\">eLIGE TU PROMOCI\u00d3N PREFERIDA DEL MES Y DISFRUTA DE TODOS SUS BENEFICIOS<\/h2>\t\t\t\t<\/div>\n\t\t\t\t<\/div>\n\t\t\t\t\t<\/div>\n\t\t\t\t<\/div>\n\t\t<div class=\"elementor-element elementor-element-55ddc15 e-flex e-con-boxed wpr-particle-no wpr-jarallax-no wpr-parallax-no wpr-sticky-section-no e-con e-parent\" data-id=\"55ddc15\" data-element_type=\"container\">\n\t\t\t\t\t<div class=\"e-con-inner\">\n\t\t<div class=\"elementor-element elementor-element-7c89b31 e-con-full e-flex wpr-particle-no wpr-jarallax-no wpr-parallax-no wpr-sticky-section-no e-con e-child\" data-id=\"7c89b31\" data-element_type=\"container\" data-settings=\"{&quot;background_background&quot;:&quot;classic&quot;}\">\n\t\t<div class=\"elementor-element elementor-element-5629fdd e-con-full e-flex wpr-particle-no wpr-jarallax-no wpr-parallax-no wpr-sticky-section-no e-con e-child\" data-id=\"5629fdd\" data-element_type=\"container\">\n\t\t\t\t<div class=\"elementor-element elementor-element-c3b8689 elementor-invisible elementor-widget elementor-widget-image\" data-id=\"c3b8689\" data-element_type=\"widget\" data-settings=\"{&quot;_animation&quot;:&quot;fadeInLeft&quot;}\" data-widget_type=\"image.default\">\n\t\t\t\t<div class=\"elementor-widget-container\">\n\t\t\t\t\t\t\t\t\t\t\t\t\t\t\t<img fetchpriority=\"high\" decoding=\"async\" width=\"900\" height=\"900\" src=\"https:\/\/laceibatireshopusa.com\/wp-content\/uploads\/2025\/06\/2023-09-28-01.32.36-9.jpg\" class=\"attachment-full size-full wp-image-1791\" alt=\"\" srcset=\"https:\/\/laceibatireshopusa.com\/wp-content\/uploads\/2025\/06\/2023-09-28-01.32.36-9.jpg 900w, https:\/\/laceibatireshopusa.com\/wp-content\/uploads\/2025\/06\/2023-09-28-01.32.36-9-300x300.jpg 300w, https:\/\/laceibatireshopusa.com\/wp-content\/uploads\/2025\/06\/2023-09-28-01.32.36-9-150x150.jpg 150w, https:\/\/laceibatireshopusa.com\/wp-content\/uploads\/2025\/06\/2023-09-28-01.32.36-9-768x768.jpg 768w, https:\/\/laceibatireshopusa.com\/wp-content\/uploads\/2025\/06\/2023-09-28-01.32.36-9-12x12.jpg 12w, https:\/\/laceibatireshopusa.com\/wp-content\/uploads\/2025\/06\/2023-09-28-01.32.36-9-700x700.jpg 700w, https:\/\/laceibatireshopusa.com\/wp-content\/uploads\/2025\/06\/2023-09-28-01.32.36-9-600x600.jpg 600w, https:\/\/laceibatireshopusa.com\/wp-content\/uploads\/2025\/06\/2023-09-28-01.32.36-9-100x100.jpg 100w\" sizes=\"(max-width: 900px) 100vw, 900px\" \/>\t\t\t\t\t\t\t\t\t\t\t\t\t\t\t<\/div>\n\t\t\t\t<\/div>\n\t\t\t\t<\/div>\n\t\t<div class=\"elementor-element elementor-element-163d3a3 e-con-full e-flex wpr-particle-no wpr-jarallax-no wpr-parallax-no wpr-sticky-section-no e-con e-child\" data-id=\"163d3a3\" data-element_type=\"container\">\n\t\t\t\t<div class=\"elementor-element elementor-element-2d138f3 elementor-widget elementor-widget-heading\" data-id=\"2d138f3\" data-element_type=\"widget\" data-widget_type=\"heading.default\">\n\t\t\t\t<div class=\"elementor-widget-container\">\n\t\t\t\t\t<h2 class=\"elementor-heading-title elementor-size-default\">pROMOCI\u00d3N DE CAMBIO DE ACEITE + REVISI\u00d3N GR\u00c1TIS<\/h2>\t\t\t\t<\/div>\n\t\t\t\t<\/div>\n\t\t\t\t<div class=\"elementor-element elementor-element-b0be889 animated-slow elementor-invisible elementor-widget elementor-widget-button\" data-id=\"b0be889\" data-element_type=\"widget\" data-settings=\"{&quot;_animation&quot;:&quot;fadeInUp&quot;}\" data-widget_type=\"button.default\">\n\t\t\t\t<div class=\"elementor-widget-container\">\n\t\t\t\t\t\t\t\t\t<div class=\"elementor-button-wrapper\">\n\t\t\t\t\t<a class=\"elementor-button elementor-button-link elementor-size-sm\" href=\"https:\/\/laceibatireshopusa.com\/en\/llantas\/\">\n\t\t\t\t\t\t<span class=\"elementor-button-content-wrapper\">\n\t\t\t\t\t\t\t\t\t<span class=\"elementor-button-text\">Optener Promoci\u00f3n<\/span>\n\t\t\t\t\t<\/span>\n\t\t\t\t\t<\/a>\n\t\t\t\t<\/div>\n\t\t\t\t\t\t\t\t<\/div>\n\t\t\t\t<\/div>\n\t\t\t\t<\/div>\n\t\t\t\t<\/div>\n\t\t\t\t\t<\/div>\n\t\t\t\t<\/div>\n\t\t<div class=\"elementor-element elementor-element-0b46feb e-flex e-con-boxed wpr-particle-no wpr-jarallax-no wpr-parallax-no wpr-sticky-section-no e-con e-parent\" data-id=\"0b46feb\" data-element_type=\"container\">\n\t\t\t\t\t<div class=\"e-con-inner\">\n\t\t<div class=\"elementor-element elementor-element-813d1ac e-con-full e-flex wpr-particle-no wpr-jarallax-no wpr-parallax-no wpr-sticky-section-no e-con e-child\" data-id=\"813d1ac\" data-element_type=\"container\" data-settings=\"{&quot;background_background&quot;:&quot;classic&quot;}\">\n\t\t<div class=\"elementor-element elementor-element-4c6c478 e-con-full e-flex wpr-particle-no wpr-jarallax-no wpr-parallax-no wpr-sticky-section-no e-con e-child\" data-id=\"4c6c478\" data-element_type=\"container\">\n\t\t\t\t<div class=\"elementor-element elementor-element-28d0f68 elementor-invisible elementor-widget elementor-widget-image\" data-id=\"28d0f68\" data-element_type=\"widget\" data-settings=\"{&quot;_animation&quot;:&quot;fadeInLeft&quot;}\" data-widget_type=\"image.default\">\n\t\t\t\t<div class=\"elementor-widget-container\">\n\t\t\t\t\t\t\t\t\t\t\t\t\t\t\t<img decoding=\"async\" width=\"900\" height=\"900\" src=\"https:\/\/laceibatireshopusa.com\/wp-content\/uploads\/2025\/06\/2023-09-28-01.32.32-19.jpg\" class=\"attachment-full size-full wp-image-1786\" alt=\"\" srcset=\"https:\/\/laceibatireshopusa.com\/wp-content\/uploads\/2025\/06\/2023-09-28-01.32.32-19.jpg 900w, https:\/\/laceibatireshopusa.com\/wp-content\/uploads\/2025\/06\/2023-09-28-01.32.32-19-300x300.jpg 300w, https:\/\/laceibatireshopusa.com\/wp-content\/uploads\/2025\/06\/2023-09-28-01.32.32-19-150x150.jpg 150w, https:\/\/laceibatireshopusa.com\/wp-content\/uploads\/2025\/06\/2023-09-28-01.32.32-19-768x768.jpg 768w, https:\/\/laceibatireshopusa.com\/wp-content\/uploads\/2025\/06\/2023-09-28-01.32.32-19-12x12.jpg 12w, https:\/\/laceibatireshopusa.com\/wp-content\/uploads\/2025\/06\/2023-09-28-01.32.32-19-700x700.jpg 700w, https:\/\/laceibatireshopusa.com\/wp-content\/uploads\/2025\/06\/2023-09-28-01.32.32-19-600x600.jpg 600w, https:\/\/laceibatireshopusa.com\/wp-content\/uploads\/2025\/06\/2023-09-28-01.32.32-19-100x100.jpg 100w\" sizes=\"(max-width: 900px) 100vw, 900px\" \/>\t\t\t\t\t\t\t\t\t\t\t\t\t\t\t<\/div>\n\t\t\t\t<\/div>\n\t\t\t\t<\/div>\n\t\t<div class=\"elementor-element elementor-element-bb0f7c9 e-con-full e-flex wpr-particle-no wpr-jarallax-no wpr-parallax-no wpr-sticky-section-no e-con e-child\" data-id=\"bb0f7c9\" data-element_type=\"container\">\n\t\t\t\t<div class=\"elementor-element elementor-element-da57a49 elementor-widget elementor-widget-heading\" data-id=\"da57a49\" data-element_type=\"widget\" data-widget_type=\"heading.default\">\n\t\t\t\t<div class=\"elementor-widget-container\">\n\t\t\t\t\t<h2 class=\"elementor-heading-title elementor-size-default\">Cambio de Filtros + Cambio de aceite con un 70% de descuento \u00a1Aprovecha hoy!<\/h2>\t\t\t\t<\/div>\n\t\t\t\t<\/div>\n\t\t\t\t<div class=\"elementor-element elementor-element-1adf88f animated-slow elementor-invisible elementor-widget elementor-widget-button\" data-id=\"1adf88f\" data-element_type=\"widget\" data-settings=\"{&quot;_animation&quot;:&quot;fadeInUp&quot;}\" data-widget_type=\"button.default\">\n\t\t\t\t<div class=\"elementor-widget-container\">\n\t\t\t\t\t\t\t\t\t<div class=\"elementor-button-wrapper\">\n\t\t\t\t\t<a class=\"elementor-button elementor-button-link elementor-size-sm\" href=\"https:\/\/laceibatireshopusa.com\/en\/llantas\/\">\n\t\t\t\t\t\t<span class=\"elementor-button-content-wrapper\">\n\t\t\t\t\t\t\t\t\t<span class=\"elementor-button-text\">Optener Promoci\u00f3n<\/span>\n\t\t\t\t\t<\/span>\n\t\t\t\t\t<\/a>\n\t\t\t\t<\/div>\n\t\t\t\t\t\t\t\t<\/div>\n\t\t\t\t<\/div>\n\t\t\t\t<\/div>\n\t\t\t\t<\/div>\n\t\t\t\t\t<\/div>\n\t\t\t\t<\/div>\n\t\t\t\t<\/div>","protected":false},"excerpt":{"rendered":"<p>DISFRUTA DE TODAS NUESTRAS PROMOCIONES eLIGE TU PROMOCI\u00d3N PREFERIDA DEL MES Y DISFRUTA DE TODOS SUS BENEFICIOS pROMOCI\u00d3N DE CAMBIO DE ACEITE + REVISI\u00d3N GR\u00c1TIS Optener Promoci\u00f3n Cambio de Filtros + Cambio de aceite con un 70% de descuento \u00a1Aprovecha hoy! Optener Promoci\u00f3n<\/p>","protected":false},"author":1,"featured_media":0,"parent":0,"menu_order":0,"comment_status":"closed","ping_status":"closed","template":"elementor_header_footer","meta":{"footnotes":""},"class_list":["post-1842","page","type-page","status-publish","hentry"],"yoast_head":"<!-- This site is optimized with the Yoast SEO Premium plugin v22.6 (Yoast SEO v25.3) - https:\/\/yoast.com\/wordpress\/plugins\/seo\/ -->\n<title>Promociones - La Ceiba Tire Shop \ud83c\uddfa\ud83c\uddf8<\/title>\n<meta name=\"robots\" content=\"index, follow, max-snippet:-1, max-image-preview:large, max-video-preview:-1\" \/>\n<link rel=\"canonical\" href=\"https:\/\/laceibatireshopusa.com\/en\/promociones\/\" \/>\n<meta property=\"og:locale\" content=\"en_US\" \/>\n<meta property=\"og:type\" content=\"article\" \/>\n<meta property=\"og:title\" content=\"Promociones\" \/>\n<meta property=\"og:description\" content=\"DISFRUTA DE TODAS NUESTRAS PROMOCIONES eLIGE TU PROMOCI\u00d3N PREFERIDA DEL MES Y DISFRUTA DE TODOS SUS BENEFICIOS pROMOCI\u00d3N DE CAMBIO DE ACEITE + REVISI\u00d3N GR\u00c1TIS Optener Promoci\u00f3n Cambio de Filtros + Cambio de aceite con un 70% de descuento \u00a1Aprovecha hoy! Optener Promoci\u00f3n\" \/>\n<meta property=\"og:url\" content=\"https:\/\/laceibatireshopusa.com\/en\/promociones\/\" \/>\n<meta property=\"og:site_name\" content=\"La Ceiba Tire Shop \ud83c\uddfa\ud83c\uddf8\" \/>\n<meta property=\"article:publisher\" content=\"https:\/\/www.tiktok.com\/@laceibatireshop\" \/>\n<meta property=\"article:modified_time\" content=\"2025-07-05T18:26:33+00:00\" \/>\n<meta property=\"og:image\" content=\"https:\/\/laceibatireshopusa.com\/wp-content\/uploads\/2025\/06\/2023-09-28-01.32.36-9.jpg\" \/>\n\t<meta property=\"og:image:width\" content=\"900\" \/>\n\t<meta property=\"og:image:height\" content=\"900\" \/>\n\t<meta property=\"og:image:type\" content=\"image\/jpeg\" \/>\n<meta name=\"twitter:card\" content=\"summary_large_image\" \/>\n<meta name=\"twitter:label1\" content=\"Est. reading time\" \/>\n\t<meta name=\"twitter:data1\" content=\"1 minute\" \/>\n<script type=\"application\/ld+json\" class=\"yoast-schema-graph\">{\"@context\":\"https:\/\/schema.org\",\"@graph\":[{\"@type\":\"WebPage\",\"@id\":\"https:\/\/laceibatireshopusa.com\/promociones\/\",\"url\":\"https:\/\/laceibatireshopusa.com\/promociones\/\",\"name\":\"Promociones - La Ceiba Tire Shop \ud83c\uddfa\ud83c\uddf8\",\"isPartOf\":{\"@id\":\"https:\/\/laceibatireshopusa.com\/#website\"},\"primaryImageOfPage\":{\"@id\":\"https:\/\/laceibatireshopusa.com\/promociones\/#primaryimage\"},\"image\":{\"@id\":\"https:\/\/laceibatireshopusa.com\/promociones\/#primaryimage\"},\"thumbnailUrl\":\"https:\/\/laceibatireshopusa.com\/wp-content\/uploads\/2025\/06\/2023-09-28-01.32.36-9.jpg\",\"datePublished\":\"2025-07-05T18:15:41+00:00\",\"dateModified\":\"2025-07-05T18:26:33+00:00\",\"breadcrumb\":{\"@id\":\"https:\/\/laceibatireshopusa.com\/promociones\/#breadcrumb\"},\"inLanguage\":\"en-US\",\"potentialAction\":[{\"@type\":\"ReadAction\",\"target\":[\"https:\/\/laceibatireshopusa.com\/promociones\/\"]}]},{\"@type\":\"ImageObject\",\"inLanguage\":\"en-US\",\"@id\":\"https:\/\/laceibatireshopusa.com\/promociones\/#primaryimage\",\"url\":\"https:\/\/laceibatireshopusa.com\/wp-content\/uploads\/2025\/06\/2023-09-28-01.32.36-9.jpg\",\"contentUrl\":\"https:\/\/laceibatireshopusa.com\/wp-content\/uploads\/2025\/06\/2023-09-28-01.32.36-9.jpg\"},{\"@type\":\"BreadcrumbList\",\"@id\":\"https:\/\/laceibatireshopusa.com\/promociones\/#breadcrumb\",\"itemListElement\":[{\"@type\":\"ListItem\",\"position\":1,\"name\":\"Portada\",\"item\":\"https:\/\/laceibatireshopusa.com\/\"},{\"@type\":\"ListItem\",\"position\":2,\"name\":\"Promociones\"}]},{\"@type\":\"WebSite\",\"@id\":\"https:\/\/laceibatireshopusa.com\/#website\",\"url\":\"https:\/\/laceibatireshopusa.com\/\",\"name\":\"La Ceiba Tire Shop \ud83c\uddfa\ud83c\uddf8\",\"description\":\"Compra Llantas y Servicios Automotrices de Alta Calidad\",\"publisher\":{\"@id\":\"https:\/\/laceibatireshopusa.com\/#organization\"},\"alternateName\":\"La Ceiba Tire Shop \ud83c\uddfa\ud83c\uddf8\",\"potentialAction\":[{\"@type\":\"SearchAction\",\"target\":{\"@type\":\"EntryPoint\",\"urlTemplate\":\"https:\/\/laceibatireshopusa.com\/?s={search_term_string}\"},\"query-input\":{\"@type\":\"PropertyValueSpecification\",\"valueRequired\":true,\"valueName\":\"search_term_string\"}}],\"inLanguage\":\"en-US\"},{\"@type\":\"Organization\",\"@id\":\"https:\/\/laceibatireshopusa.com\/#organization\",\"name\":\"La Ceiba Tire Shop \ud83c\uddfa\ud83c\uddf8\",\"alternateName\":\"La Ceiba Tire Shop \ud83c\uddfa\ud83c\uddf8\",\"url\":\"https:\/\/laceibatireshopusa.com\/\",\"logo\":{\"@type\":\"ImageObject\",\"inLanguage\":\"en-US\",\"@id\":\"https:\/\/laceibatireshopusa.com\/#\/schema\/logo\/image\/\",\"url\":\"https:\/\/laceibatireshopusa.com\/wp-content\/uploads\/2024\/06\/eaf541b8-772f-42e3-8268-876650456c71.png\",\"contentUrl\":\"https:\/\/laceibatireshopusa.com\/wp-content\/uploads\/2024\/06\/eaf541b8-772f-42e3-8268-876650456c71.png\",\"width\":2000,\"height\":1302,\"caption\":\"La Ceiba Tire Shop \ud83c\uddfa\ud83c\uddf8\"},\"image\":{\"@id\":\"https:\/\/laceibatireshopusa.com\/#\/schema\/logo\/image\/\"},\"sameAs\":[\"https:\/\/www.tiktok.com\/@laceibatireshop\",\"https:\/\/www.instagram.com\/laceibatireshopdoral\/\"],\"description\":\"Compra Llantas y Servicios Automotrices de Alta Calidad\",\"legalName\":\"La Ceiba Tire Shop \ud83c\uddfa\ud83c\uddf8\"}]}<\/script>\n<!-- \/ Yoast SEO Premium plugin. -->","yoast_head_json":{"title":"Promociones - La Ceiba Tire Shop \ud83c\uddfa\ud83c\uddf8","robots":{"index":"index","follow":"follow","max-snippet":"max-snippet:-1","max-image-preview":"max-image-preview:large","max-video-preview":"max-video-preview:-1"},"canonical":"https:\/\/laceibatireshopusa.com\/en\/promociones\/","og_locale":"en_US","og_type":"article","og_title":"Promociones","og_description":"DISFRUTA DE TODAS NUESTRAS PROMOCIONES eLIGE TU PROMOCI\u00d3N PREFERIDA DEL MES Y DISFRUTA DE TODOS SUS BENEFICIOS pROMOCI\u00d3N DE CAMBIO DE ACEITE + REVISI\u00d3N GR\u00c1TIS Optener Promoci\u00f3n Cambio de Filtros + Cambio de aceite con un 70% de descuento \u00a1Aprovecha hoy! Optener Promoci\u00f3n","og_url":"https:\/\/laceibatireshopusa.com\/en\/promociones\/","og_site_name":"La Ceiba Tire Shop \ud83c\uddfa\ud83c\uddf8","article_publisher":"https:\/\/www.tiktok.com\/@laceibatireshop","article_modified_time":"2025-07-05T18:26:33+00:00","og_image":[{"width":900,"height":900,"url":"https:\/\/laceibatireshopusa.com\/wp-content\/uploads\/2025\/06\/2023-09-28-01.32.36-9.jpg","type":"image\/jpeg"}],"twitter_card":"summary_large_image","twitter_misc":{"Est. reading time":"1 minute"},"schema":{"@context":"https:\/\/schema.org","@graph":[{"@type":"WebPage","@id":"https:\/\/laceibatireshopusa.com\/promociones\/","url":"https:\/\/laceibatireshopusa.com\/promociones\/","name":"Promociones - La Ceiba Tire Shop \ud83c\uddfa\ud83c\uddf8","isPartOf":{"@id":"https:\/\/laceibatireshopusa.com\/#website"},"primaryImageOfPage":{"@id":"https:\/\/laceibatireshopusa.com\/promociones\/#primaryimage"},"image":{"@id":"https:\/\/laceibatireshopusa.com\/promociones\/#primaryimage"},"thumbnailUrl":"https:\/\/laceibatireshopusa.com\/wp-content\/uploads\/2025\/06\/2023-09-28-01.32.36-9.jpg","datePublished":"2025-07-05T18:15:41+00:00","dateModified":"2025-07-05T18:26:33+00:00","breadcrumb":{"@id":"https:\/\/laceibatireshopusa.com\/promociones\/#breadcrumb"},"inLanguage":"en-US","potentialAction":[{"@type":"ReadAction","target":["https:\/\/laceibatireshopusa.com\/promociones\/"]}]},{"@type":"ImageObject","inLanguage":"en-US","@id":"https:\/\/laceibatireshopusa.com\/promociones\/#primaryimage","url":"https:\/\/laceibatireshopusa.com\/wp-content\/uploads\/2025\/06\/2023-09-28-01.32.36-9.jpg","contentUrl":"https:\/\/laceibatireshopusa.com\/wp-content\/uploads\/2025\/06\/2023-09-28-01.32.36-9.jpg"},{"@type":"BreadcrumbList","@id":"https:\/\/laceibatireshopusa.com\/promociones\/#breadcrumb","itemListElement":[{"@type":"ListItem","position":1,"name":"Portada","item":"https:\/\/laceibatireshopusa.com\/"},{"@type":"ListItem","position":2,"name":"Promociones"}]},{"@type":"WebSite","@id":"https:\/\/laceibatireshopusa.com\/#website","url":"https:\/\/laceibatireshopusa.com\/","name":"La Ceiba Tire Shop \ud83c\uddfa\ud83c\uddf8","description":"Compra Llantas y Servicios Automotrices de Alta Calidad","publisher":{"@id":"https:\/\/laceibatireshopusa.com\/#organization"},"alternateName":"La Ceiba Tire Shop \ud83c\uddfa\ud83c\uddf8","potentialAction":[{"@type":"SearchAction","target":{"@type":"EntryPoint","urlTemplate":"https:\/\/laceibatireshopusa.com\/?s={search_term_string}"},"query-input":{"@type":"PropertyValueSpecification","valueRequired":true,"valueName":"search_term_string"}}],"inLanguage":"en-US"},{"@type":"Organization","@id":"https:\/\/laceibatireshopusa.com\/#organization","name":"La Ceiba Tire Shop \ud83c\uddfa\ud83c\uddf8","alternateName":"La Ceiba Tire Shop \ud83c\uddfa\ud83c\uddf8","url":"https:\/\/laceibatireshopusa.com\/","logo":{"@type":"ImageObject","inLanguage":"en-US","@id":"https:\/\/laceibatireshopusa.com\/#\/schema\/logo\/image\/","url":"https:\/\/laceibatireshopusa.com\/wp-content\/uploads\/2024\/06\/eaf541b8-772f-42e3-8268-876650456c71.png","contentUrl":"https:\/\/laceibatireshopusa.com\/wp-content\/uploads\/2024\/06\/eaf541b8-772f-42e3-8268-876650456c71.png","width":2000,"height":1302,"caption":"La Ceiba Tire Shop \ud83c\uddfa\ud83c\uddf8"},"image":{"@id":"https:\/\/laceibatireshopusa.com\/#\/schema\/logo\/image\/"},"sameAs":["https:\/\/www.tiktok.com\/@laceibatireshop","https:\/\/www.instagram.com\/laceibatireshopdoral\/"],"description":"Compra Llantas y Servicios Automotrices de Alta Calidad","legalName":"La Ceiba Tire Shop \ud83c\uddfa\ud83c\uddf8"}]}},"_links":{"self":[{"href":"https:\/\/laceibatireshopusa.com\/en\/wp-json\/wp\/v2\/pages\/1842","targetHints":{"allow":["GET"]}}],"collection":[{"href":"https:\/\/laceibatireshopusa.com\/en\/wp-json\/wp\/v2\/pages"}],"about":[{"href":"https:\/\/laceibatireshopusa.com\/en\/wp-json\/wp\/v2\/types\/page"}],"author":[{"embeddable":true,"href":"https:\/\/laceibatireshopusa.com\/en\/wp-json\/wp\/v2\/users\/1"}],"replies":[{"embeddable":true,"href":"https:\/\/laceibatireshopusa.com\/en\/wp-json\/wp\/v2\/comments?post=1842"}],"version-history":[{"count":19,"href":"https:\/\/laceibatireshopusa.com\/en\/wp-json\/wp\/v2\/pages\/1842\/revisions"}],"predecessor-version":[{"id":1865,"href":"https:\/\/laceibatireshopusa.com\/en\/wp-json\/wp\/v2\/pages\/1842\/revisions\/1865"}],"wp:attachment":[{"href":"https:\/\/laceibatireshopusa.com\/en\/wp-json\/wp\/v2\/media?parent=1842"}],"curies":[{"name":"wp","href":"https:\/\/api.w.org\/{rel}","templated":true}]}}